{"id":10,"date":"2018-10-18T05:14:06","date_gmt":"2018-10-18T05:14:06","guid":{"rendered":"http:\/\/evok-oy.de\/wordpress\/?page_id=10"},"modified":"2022-02-14T15:25:16","modified_gmt":"2022-02-14T15:25:16","slug":"strom","status":"publish","type":"page","link":"https:\/\/evok-oy.de\/wordpress\/?page_id=10","title":{"rendered":"Strom"},"content":{"rendered":"\t\t<div data-elementor-type=\"wp-post\" data-elementor-id=\"10\" class=\"elementor elementor-10\">\n\t\t\t\t\t\t<section class=\"elementor-section elementor-top-section elementor-element elementor-element-40a4f61 elementor-section-boxed elementor-section-height-default elementor-section-height-default\" data-id=\"40a4f61\" data-element_type=\"section\" data-e-type=\"section\">\n\t\t\t\t\t\t<div class=\"elementor-container elementor-column-gap-default\">\n\t\t\t\t\t<div class=\"elementor-column elementor-col-100 elementor-top-column elementor-element elementor-element-ffc48b8\" data-id=\"ffc48b8\" data-element_type=\"column\" data-e-type=\"column\">\n\t\t\t<div class=\"elementor-widget-wrap elementor-element-populated\">\n\t\t\t\t\t\t<div class=\"elementor-element elementor-element-d67a268 elementor-widget elementor-widget-heading\" data-id=\"d67a268\" data-element_type=\"widget\" data-e-type=\"widget\" data-widget_type=\"heading.default\">\n\t\t\t\t<div class=\"elementor-widget-container\">\n\t\t\t\t\t<h2 class=\"elementor-heading-title elementor-size-default\">STROM<\/h2>\t\t\t\t<\/div>\n\t\t\t\t<\/div>\n\t\t\t\t\t<\/div>\n\t\t<\/div>\n\t\t\t\t\t<\/div>\n\t\t<\/section>\n\t\t\t\t<section class=\"elementor-section elementor-top-section elementor-element elementor-element-671a529 elementor-section-boxed elementor-section-height-default elementor-section-height-default\" data-id=\"671a529\" data-element_type=\"section\" data-e-type=\"section\">\n\t\t\t\t\t\t<div class=\"elementor-container elementor-column-gap-default\">\n\t\t\t\t\t<div class=\"elementor-column elementor-col-100 elementor-top-column elementor-element elementor-element-dbf03e8\" data-id=\"dbf03e8\" data-element_type=\"column\" data-e-type=\"column\">\n\t\t\t<div class=\"elementor-widget-wrap elementor-element-populated\">\n\t\t\t\t\t\t<div class=\"elementor-element elementor-element-8132781 elementor-widget elementor-widget-spacer\" data-id=\"8132781\" data-element_type=\"widget\" data-e-type=\"widget\" data-widget_type=\"spacer.default\">\n\t\t\t\t<div class=\"elementor-widget-container\">\n\t\t\t\t\t\t\t<div class=\"elementor-spacer\">\n\t\t\t<div class=\"elementor-spacer-inner\"><\/div>\n\t\t<\/div>\n\t\t\t\t\t\t<\/div>\n\t\t\t\t<\/div>\n\t\t\t\t\t<\/div>\n\t\t<\/div>\n\t\t\t\t\t<\/div>\n\t\t<\/section>\n\t\t\t\t<section class=\"elementor-section elementor-top-section elementor-element elementor-element-b29a9f8 elementor-section-boxed elementor-section-height-default elementor-section-height-default\" data-id=\"b29a9f8\" data-element_type=\"section\" data-e-type=\"section\">\n\t\t\t\t\t\t<div class=\"elementor-container elementor-column-gap-default\">\n\t\t\t\t\t<div class=\"elementor-column elementor-col-100 elementor-top-column elementor-element elementor-element-6fc1800\" data-id=\"6fc1800\" data-element_type=\"column\" data-e-type=\"column\">\n\t\t\t<div class=\"elementor-widget-wrap elementor-element-populated\">\n\t\t\t\t\t\t<section class=\"elementor-section elementor-inner-section elementor-element elementor-element-7ce1c67 elementor-section-boxed elementor-section-height-default elementor-section-height-default\" data-id=\"7ce1c67\" data-element_type=\"section\" data-e-type=\"section\">\n\t\t\t\t\t\t<div class=\"elementor-container elementor-column-gap-default\">\n\t\t\t\t\t<div class=\"elementor-column elementor-col-50 elementor-inner-column elementor-element elementor-element-2cbce09\" data-id=\"2cbce09\" data-element_type=\"column\" data-e-type=\"column\">\n\t\t\t<div class=\"elementor-widget-wrap elementor-element-populated\">\n\t\t\t\t\t\t<div class=\"elementor-element elementor-element-986ba77 elementor-widget elementor-widget-text-editor\" data-id=\"986ba77\" data-element_type=\"widget\" data-e-type=\"widget\" data-widget_type=\"text-editor.default\">\n\t\t\t\t<div class=\"elementor-widget-container\">\n\t\t\t\t\t\t\t\t\t<p><span style=\"font-family: calibri;\">Der <b>elektrische Strom<\/b>, oft auch nur <b>Strom<\/b>, ist eine physikalische Erscheinung der <a title=\"Elektrodynamik\" href=\"https:\/\/de.wikipedia.org\/wiki\/Elektrodynamik\" target=\"_blank\" rel=\"noopener\">Elektrizit\u00e4tslehre<\/a>. In der allt\u00e4glichen Bedeutung des Begriffs ist damit der Transport von elektrischen <a title=\"Ladungstr\u00e4ger (Physik)\" href=\"https:\/\/de.wikipedia.org\/wiki\/Ladungstr%C3%A4ger_(Physik)\" target=\"_blank\" rel=\"noopener\">Ladungstr\u00e4gern<\/a> gemeint, also beispielsweise von <a title=\"Elektron\" href=\"https:\/\/de.wikipedia.org\/wiki\/Elektron\" target=\"_blank\" rel=\"noopener\">Elektronen<\/a> in <a title=\"Leiter (Physik)\" href=\"https:\/\/de.wikipedia.org\/wiki\/Leiter_(Physik)\" target=\"_blank\" rel=\"noopener\">Leitern<\/a> oder <a title=\"Halbleiter\" href=\"https:\/\/de.wikipedia.org\/wiki\/Halbleiter\" target=\"_blank\" rel=\"noopener\">Halbleitern<\/a> oder von <a title=\"Ion\" href=\"https:\/\/de.wikipedia.org\/wiki\/Ion\" target=\"_blank\" rel=\"noopener\">Ionen<\/a> in <a title=\"Elektrolyt\" href=\"https:\/\/de.wikipedia.org\/wiki\/Elektrolyt\" target=\"_blank\" rel=\"noopener\">Elektrolyten<\/a>. Diese Form des Stroms bezeichnet man auch genauer als <a title=\"Konvektionsstrom\" href=\"https:\/\/de.wikipedia.org\/wiki\/Konvektionsstrom\" target=\"_blank\" rel=\"noopener\">Konvektionsstrom<\/a>. Er macht sich gem\u00e4\u00df dem <a class=\"mw-redirect\" title=\"Amperesches Gesetz\" href=\"https:\/\/de.wikipedia.org\/wiki\/Amperesches_Gesetz\" target=\"_blank\" rel=\"noopener\">ampereschen Gesetz<\/a> durch ein <a class=\"mw-redirect\" title=\"Magnetisches Feld\" href=\"https:\/\/de.wikipedia.org\/wiki\/Magnetisches_Feld\" target=\"_blank\" rel=\"noopener\">magnetisches Feld<\/a> bemerkbar und f\u00fchrt meist zu einer <a title=\"Stromw\u00e4rmegesetz\" href=\"https:\/\/de.wikipedia.org\/wiki\/Stromw%C3%A4rmegesetz\">Erw\u00e4rmung<\/a> des Leiters. In einem <a class=\"mw-redirect\" title=\"Elektrischer Stromkreis\" href=\"https:\/\/de.wikipedia.org\/wiki\/Elektrischer_Stromkreis\">elektrischen Stromkreis<\/a> flie\u00dft ein Strom, sobald zwischen den Anschl\u00fcssen der <a title=\"Spannungsquelle\" href=\"https:\/\/de.wikipedia.org\/wiki\/Spannungsquelle\">Quelle<\/a> eine elektrische Spannung herrscht und eine leitende Verbindung besteht.<\/span><\/p>\t\t\t\t\t\t\t\t<\/div>\n\t\t\t\t<\/div>\n\t\t\t\t\t<\/div>\n\t\t<\/div>\n\t\t\t\t<div class=\"elementor-column elementor-col-50 elementor-inner-column elementor-element elementor-element-4f09eae\" data-id=\"4f09eae\" data-element_type=\"column\" data-e-type=\"column\">\n\t\t\t<div class=\"elementor-widget-wrap elementor-element-populated\">\n\t\t\t\t\t\t<div class=\"elementor-element elementor-element-de20dbd elementor-widget elementor-widget-text-editor\" data-id=\"de20dbd\" data-element_type=\"widget\" data-e-type=\"widget\" data-widget_type=\"text-editor.default\">\n\t\t\t\t<div class=\"elementor-widget-container\">\n\t\t\t\t\t\t\t\t\t<p><span style=\"font-family: calibri;\">Dar\u00fcber hinaus z\u00e4hlt man zum elektrischen Strom den so genannten <a title=\"Verschiebungsstrom\" href=\"https:\/\/de.wikipedia.org\/wiki\/Verschiebungsstrom\" target=\"_blank\" rel=\"noopener\">Verschiebungsstrom<\/a>. Dieser entsteht nicht durch die Bewegung elektrischer Ladungen, sondern durch die \u00c4nderungen des <a title=\"Elektrischer Fluss\" href=\"https:\/\/de.wikipedia.org\/wiki\/Elektrischer_Fluss\" target=\"_blank\" rel=\"noopener\">Flusses<\/a> eines <a title=\"Elektrisches Feld\" href=\"https:\/\/de.wikipedia.org\/wiki\/Elektrisches_Feld\" target=\"_blank\" rel=\"noopener\">elektrischen Feldes<\/a>. Er tritt z. B. zwischen den Platten eines <a title=\"Kondensator (Elektrotechnik)\" href=\"https:\/\/de.wikipedia.org\/wiki\/Kondensator_(Elektrotechnik)\" target=\"_blank\" rel=\"noopener\">Kondensators<\/a> beim Be- oder Entladen auf und erzeugt genau wie der Konvektionsstrom ein Magnetfeld.<\/span><\/p><p><span style=\"font-family: calibri;\">Die <a title=\"Physikalische Gr\u00f6\u00dfe\" href=\"https:\/\/de.wikipedia.org\/wiki\/Physikalische_Gr%C3%B6%C3%9Fe\" target=\"_blank\" rel=\"noopener\">physikalische Gr\u00f6\u00dfe<\/a> f\u00fcr die Intensit\u00e4t des elektrischen Stroms ist die <a title=\"Elektrische Stromst\u00e4rke\" href=\"https:\/\/de.wikipedia.org\/wiki\/Elektrische_Stromst%C3%A4rke\" target=\"_blank\" rel=\"noopener\">elektrische Stromst\u00e4rke<\/a>. Ihr Formelzeichen ist <span class=\"mwe-math-element\"><img decoding=\"async\" class=\"mwe-math-fallback-image-inline\" src=\"https:\/\/wikimedia.org\/api\/rest_v1\/media\/math\/render\/svg\/535ea7fc4134a31cbe2251d9d3511374bc41be9f\" alt=\"I\" aria-hidden=\"true\" \/><\/span> und ihre gesetzliche Einheit das <a title=\"Ampere\" href=\"https:\/\/de.wikipedia.org\/wiki\/Ampere\" target=\"_blank\" rel=\"noopener\">Ampere<\/a>.<\/span><\/p><p><span style=\"font-family: calibri;\">Quelle: Wikipedia<\/span><\/p>\t\t\t\t\t\t\t\t<\/div>\n\t\t\t\t<\/div>\n\t\t\t\t\t<\/div>\n\t\t<\/div>\n\t\t\t\t\t<\/div>\n\t\t<\/section>\n\t\t\t\t\t<\/div>\n\t\t<\/div>\n\t\t\t\t\t<\/div>\n\t\t<\/section>\n\t\t\t\t<\/div>\n\t\t","protected":false},"excerpt":{"rendered":"<p>STROM Der elektrische Strom, oft auch nur Strom, ist eine physikalische Erscheinung der Elektrizit\u00e4tslehre. In der allt\u00e4glichen Bedeutung des Begriffs ist damit der Transport von elektrischen Ladungstr\u00e4gern gemeint, also beispielsweise von Elektronen in Leitern oder Halbleitern oder von Ionen in Elektrolyten. Diese Form des Stroms bezeichnet man auch genauer als Konvektionsstrom. Er macht sich gem\u00e4\u00df [&hellip;]<\/p>\n","protected":false},"author":1,"featured_media":0,"parent":0,"menu_order":0,"comment_status":"closed","ping_status":"closed","template":"","meta":{"footnotes":""},"class_list":["post-10","page","type-page","status-publish","hentry"],"_links":{"self":[{"href":"https:\/\/evok-oy.de\/wordpress\/index.php?rest_route=\/wp\/v2\/pages\/10","targetHints":{"allow":["GET"]}}],"collection":[{"href":"https:\/\/evok-oy.de\/wordpress\/index.php?rest_route=\/wp\/v2\/pages"}],"about":[{"href":"https:\/\/evok-oy.de\/wordpress\/index.php?rest_route=\/wp\/v2\/types\/page"}],"author":[{"embeddable":true,"href":"https:\/\/evok-oy.de\/wordpress\/index.php?rest_route=\/wp\/v2\/users\/1"}],"replies":[{"embeddable":true,"href":"https:\/\/evok-oy.de\/wordpress\/index.php?rest_route=%2Fwp%2Fv2%2Fcomments&post=10"}],"version-history":[{"count":33,"href":"https:\/\/evok-oy.de\/wordpress\/index.php?rest_route=\/wp\/v2\/pages\/10\/revisions"}],"predecessor-version":[{"id":2147,"href":"https:\/\/evok-oy.de\/wordpress\/index.php?rest_route=\/wp\/v2\/pages\/10\/revisions\/2147"}],"wp:attachment":[{"href":"https:\/\/evok-oy.de\/wordpress\/index.php?rest_route=%2Fwp%2Fv2%2Fmedia&parent=10"}],"curies":[{"name":"wp","href":"https:\/\/api.w.org\/{rel}","templated":true}]}}