{"id":138,"date":"2018-10-23T10:07:23","date_gmt":"2018-10-23T10:07:23","guid":{"rendered":"http:\/\/evok-oy.de\/wordpress\/?page_id=138"},"modified":"2025-08-18T06:13:53","modified_gmt":"2025-08-18T06:13:53","slug":"service","status":"publish","type":"page","link":"https:\/\/evok-oy.de\/wordpress\/?page_id=138","title":{"rendered":"Service"},"content":{"rendered":"\t\t<div data-elementor-type=\"wp-post\" data-elementor-id=\"138\" class=\"elementor elementor-138\">\n\t\t\t\t\t\t<section class=\"elementor-section elementor-top-section elementor-element elementor-element-e285460 elementor-section-boxed elementor-section-height-default elementor-section-height-default\" data-id=\"e285460\" data-element_type=\"section\" data-e-type=\"section\">\n\t\t\t\t\t\t<div class=\"elementor-container elementor-column-gap-default\">\n\t\t\t\t\t<div class=\"elementor-column elementor-col-100 elementor-top-column elementor-element elementor-element-a569978\" data-id=\"a569978\" data-element_type=\"column\" data-e-type=\"column\">\n\t\t\t<div class=\"elementor-widget-wrap elementor-element-populated\">\n\t\t\t\t\t\t<div class=\"elementor-element elementor-element-f5cc19f elementor-widget elementor-widget-heading\" data-id=\"f5cc19f\" data-element_type=\"widget\" data-e-type=\"widget\" data-widget_type=\"heading.default\">\n\t\t\t\t<div class=\"elementor-widget-container\">\n\t\t\t\t\t<h2 class=\"elementor-heading-title elementor-size-default\">UNSERE SERVICELEISTUNGEN<\/h2>\t\t\t\t<\/div>\n\t\t\t\t<\/div>\n\t\t\t\t\t<\/div>\n\t\t<\/div>\n\t\t\t\t\t<\/div>\n\t\t<\/section>\n\t\t\t\t<section class=\"elementor-section elementor-top-section elementor-element elementor-element-2d2b1f9 elementor-section-boxed elementor-section-height-default elementor-section-height-default\" data-id=\"2d2b1f9\" data-element_type=\"section\" data-e-type=\"section\">\n\t\t\t\t\t\t<div class=\"elementor-container elementor-column-gap-default\">\n\t\t\t\t\t<div class=\"elementor-column elementor-col-100 elementor-top-column elementor-element elementor-element-0f0f5db\" data-id=\"0f0f5db\" data-element_type=\"column\" data-e-type=\"column\">\n\t\t\t<div class=\"elementor-widget-wrap elementor-element-populated\">\n\t\t\t\t\t\t<div class=\"elementor-element elementor-element-aa36faf elementor-widget elementor-widget-spacer\" data-id=\"aa36faf\" data-element_type=\"widget\" data-e-type=\"widget\" data-widget_type=\"spacer.default\">\n\t\t\t\t<div class=\"elementor-widget-container\">\n\t\t\t\t\t\t\t<div class=\"elementor-spacer\">\n\t\t\t<div class=\"elementor-spacer-inner\"><\/div>\n\t\t<\/div>\n\t\t\t\t\t\t<\/div>\n\t\t\t\t<\/div>\n\t\t\t\t\t<\/div>\n\t\t<\/div>\n\t\t\t\t\t<\/div>\n\t\t<\/section>\n\t\t\t\t<section class=\"elementor-section elementor-top-section elementor-element elementor-element-cbfbe2b elementor-section-boxed elementor-section-height-default elementor-section-height-default\" data-id=\"cbfbe2b\" data-element_type=\"section\" data-e-type=\"section\">\n\t\t\t\t\t\t<div class=\"elementor-container elementor-column-gap-default\">\n\t\t\t\t\t<div class=\"elementor-column elementor-col-33 elementor-top-column elementor-element elementor-element-532c2a8 elementor-invisible\" data-id=\"532c2a8\" data-element_type=\"column\" data-e-type=\"column\" data-settings=\"{&quot;animation&quot;:&quot;fadeInUp&quot;}\">\n\t\t\t<div class=\"elementor-widget-wrap elementor-element-populated\">\n\t\t\t\t\t\t<div class=\"elementor-element elementor-element-7a6abdc elementor-position-top elementor-widget elementor-widget-image-box\" data-id=\"7a6abdc\" data-element_type=\"widget\" data-e-type=\"widget\" data-widget_type=\"image-box.default\">\n\t\t\t\t<div class=\"elementor-widget-container\">\n\t\t\t\t\t<div class=\"elementor-image-box-wrapper\"><figure class=\"elementor-image-box-img\"><a href=\"https:\/\/evok-oy.de\/wordpress\/202210_EVOK_SEPA-Lastschriftmandat.pdf\" tabindex=\"-1\"><img fetchpriority=\"high\" decoding=\"async\" width=\"300\" height=\"200\" src=\"https:\/\/evok-oy.de\/wordpress\/wp-content\/uploads\/2018\/11\/SEPA.jpg\" class=\"elementor-animation-pop attachment-full size-full wp-image-804\" alt=\"\" \/><\/a><\/figure><div class=\"elementor-image-box-content\"><h3 class=\"elementor-image-box-title\"><a href=\"https:\/\/evok-oy.de\/wordpress\/202210_EVOK_SEPA-Lastschriftmandat.pdf\">SEPA-<br>Lastschrift<\/a><\/h3><p class=\"elementor-image-box-description\">Hier k\u00f6nnen Sie sich Ihre SEPA-Lastschriftmandat als PDF-Datei herunterladen. Bitte f\u00fcllen Sie dieses aus und senden Sie es uns per Post zu.<br>\n\n\n\n<\/p><\/div><\/div>\t\t\t\t<\/div>\n\t\t\t\t<\/div>\n\t\t\t\t\t<\/div>\n\t\t<\/div>\n\t\t\t\t<div class=\"elementor-column elementor-col-33 elementor-top-column elementor-element elementor-element-12407af elementor-invisible\" data-id=\"12407af\" data-element_type=\"column\" data-e-type=\"column\" data-settings=\"{&quot;animation&quot;:&quot;fadeInUp&quot;}\">\n\t\t\t<div class=\"elementor-widget-wrap elementor-element-populated\">\n\t\t\t\t\t\t<div class=\"elementor-element elementor-element-7fd6dc9 elementor-position-top elementor-widget elementor-widget-image-box\" data-id=\"7fd6dc9\" data-element_type=\"widget\" data-e-type=\"widget\" data-widget_type=\"image-box.default\">\n\t\t\t\t<div class=\"elementor-widget-container\">\n\t\t\t\t\t<div class=\"elementor-image-box-wrapper\"><figure class=\"elementor-image-box-img\"><a href=\"https:\/\/evok-oy.de\/wordpress\/2025\/EVOK_Infoblatt_Rechnung_2025.pdf\" target=\"_blank\" tabindex=\"-1\"><img decoding=\"async\" width=\"300\" height=\"201\" src=\"https:\/\/evok-oy.de\/wordpress\/wp-content\/uploads\/2019\/12\/Rechnung_Neu.jpg\" class=\"elementor-animation-pop attachment-full size-full wp-image-1069\" alt=\"\" \/><\/a><\/figure><div class=\"elementor-image-box-content\"><h3 class=\"elementor-image-box-title\"><a href=\"https:\/\/evok-oy.de\/wordpress\/2025\/EVOK_Infoblatt_Rechnung_2025.pdf\" target=\"_blank\">Info<br>zur Rechnung<\/a><\/h3><p class=\"elementor-image-box-description\">Alle Infos zu Ihrer Rechnung k\u00f6nnen Sie in unserem Infoblatt zu Ihrer Rechnung nachlesen. Hier als PDF-Datei herunterladen.<br><\/p><\/div><\/div>\t\t\t\t<\/div>\n\t\t\t\t<\/div>\n\t\t\t\t\t<\/div>\n\t\t<\/div>\n\t\t\t\t<div class=\"elementor-column elementor-col-33 elementor-top-column elementor-element elementor-element-e686ba5 elementor-invisible\" data-id=\"e686ba5\" data-element_type=\"column\" data-e-type=\"column\" data-settings=\"{&quot;animation&quot;:&quot;fadeInUp&quot;}\">\n\t\t\t<div class=\"elementor-widget-wrap elementor-element-populated\">\n\t\t\t\t\t\t<div class=\"elementor-element elementor-element-b7fa91d elementor-position-top elementor-widget elementor-widget-image-box\" data-id=\"b7fa91d\" data-element_type=\"widget\" data-e-type=\"widget\" data-widget_type=\"image-box.default\">\n\t\t\t\t<div class=\"elementor-widget-container\">\n\t\t\t\t\t<div class=\"elementor-image-box-wrapper\"><figure class=\"elementor-image-box-img\"><a href=\"https:\/\/evok-oy.de\/wordpress\/?page_id=1707\" tabindex=\"-1\"><img decoding=\"async\" width=\"300\" height=\"200\" src=\"https:\/\/evok-oy.de\/wordpress\/wp-content\/uploads\/2021\/12\/Recht.jpg\" class=\"elementor-animation-pop attachment-full size-full wp-image-1719\" alt=\"\" \/><\/a><\/figure><div class=\"elementor-image-box-content\"><h3 class=\"elementor-image-box-title\"><a href=\"https:\/\/evok-oy.de\/wordpress\/?page_id=1707\">Rechtliche Hinweise<br>und Downloads\u200b<\/a><\/h3><p class=\"elementor-image-box-description\">Von \"A\" wie \"AGB\"<br>\n\nbis<br>\n\n\"V\"  wie\"Verbraucherservice\"<br><br><\/p><\/div><\/div>\t\t\t\t<\/div>\n\t\t\t\t<\/div>\n\t\t\t\t\t<\/div>\n\t\t<\/div>\n\t\t\t\t\t<\/div>\n\t\t<\/section>\n\t\t\t\t<section class=\"elementor-section elementor-top-section elementor-element elementor-element-ff99972 elementor-section-boxed elementor-section-height-default elementor-section-height-default\" data-id=\"ff99972\" data-element_type=\"section\" data-e-type=\"section\">\n\t\t\t\t\t\t<div class=\"elementor-container elementor-column-gap-default\">\n\t\t\t\t\t<div class=\"elementor-column elementor-col-33 elementor-top-column elementor-element elementor-element-209a83e elementor-invisible\" data-id=\"209a83e\" data-element_type=\"column\" data-e-type=\"column\" data-settings=\"{&quot;animation&quot;:&quot;fadeInUp&quot;}\">\n\t\t\t<div class=\"elementor-widget-wrap elementor-element-populated\">\n\t\t\t\t\t\t<div class=\"elementor-element elementor-element-011dd08 elementor-position-top elementor-widget elementor-widget-image-box\" data-id=\"011dd08\" data-element_type=\"widget\" data-e-type=\"widget\" data-widget_type=\"image-box.default\">\n\t\t\t\t<div class=\"elementor-widget-container\">\n\t\t\t\t\t<div class=\"elementor-image-box-wrapper\"><figure class=\"elementor-image-box-img\"><a href=\"https:\/\/evok-oy.de\/wordpress\/?page_id=698\" tabindex=\"-1\"><img loading=\"lazy\" decoding=\"async\" width=\"300\" height=\"200\" src=\"https:\/\/evok-oy.de\/wordpress\/wp-content\/uploads\/2018\/11\/Beratung.jpg\" class=\"elementor-animation-pop attachment-full size-full wp-image-802\" alt=\"\" \/><\/a><\/figure><div class=\"elementor-image-box-content\"><h3 class=\"elementor-image-box-title\"><a href=\"https:\/\/evok-oy.de\/wordpress\/?page_id=698\">Energie-<br>beratung<\/a><\/h3><p class=\"elementor-image-box-description\">Gerne beraten wir Sie individuell rund um das Thema \"Energie\". Nutzen Sie den kostenlosen Service und nehmen Sie Kontakt auf.<br><\/p><\/div><\/div>\t\t\t\t<\/div>\n\t\t\t\t<\/div>\n\t\t\t\t\t<\/div>\n\t\t<\/div>\n\t\t\t\t<div class=\"elementor-column elementor-col-33 elementor-top-column elementor-element elementor-element-f1146d7 elementor-invisible\" data-id=\"f1146d7\" data-element_type=\"column\" data-e-type=\"column\" data-settings=\"{&quot;animation&quot;:&quot;fadeInUp&quot;}\">\n\t\t\t<div class=\"elementor-widget-wrap elementor-element-populated\">\n\t\t\t\t\t\t<div class=\"elementor-element elementor-element-a18710e elementor-position-top elementor-widget elementor-widget-image-box\" data-id=\"a18710e\" data-element_type=\"widget\" data-e-type=\"widget\" data-widget_type=\"image-box.default\">\n\t\t\t\t<div class=\"elementor-widget-container\">\n\t\t\t\t\t<div class=\"elementor-image-box-wrapper\"><figure class=\"elementor-image-box-img\"><a href=\"https:\/\/evok-oy.de\/wordpress\/?page_id=902\" tabindex=\"-1\"><img loading=\"lazy\" decoding=\"async\" width=\"300\" height=\"200\" src=\"https:\/\/evok-oy.de\/wordpress\/wp-content\/uploads\/2019\/05\/Marktpartner.jpg\" class=\"elementor-animation-pop attachment-full size-full wp-image-925\" alt=\"\" \/><\/a><\/figure><div class=\"elementor-image-box-content\"><h3 class=\"elementor-image-box-title\"><a href=\"https:\/\/evok-oy.de\/wordpress\/?page_id=902\">Die<br>Marktpartner<br><\/a><\/h3><p class=\"elementor-image-box-description\">Informationen zum Datenaustausch gem\u00e4\u00df Beschluss der BK6-06-009 der Bundesnetzagentur zur GPKE.<br><br><\/p><\/div><\/div>\t\t\t\t<\/div>\n\t\t\t\t<\/div>\n\t\t\t\t\t<\/div>\n\t\t<\/div>\n\t\t\t\t<div class=\"elementor-column elementor-col-33 elementor-top-column elementor-element elementor-element-7f4ad0e elementor-invisible\" data-id=\"7f4ad0e\" data-element_type=\"column\" data-e-type=\"column\" data-settings=\"{&quot;animation&quot;:&quot;fadeInUp&quot;}\">\n\t\t\t<div class=\"elementor-widget-wrap elementor-element-populated\">\n\t\t\t\t\t\t<div class=\"elementor-element elementor-element-c8f0432 elementor-position-top elementor-widget elementor-widget-image-box\" data-id=\"c8f0432\" data-element_type=\"widget\" data-e-type=\"widget\" data-widget_type=\"image-box.default\">\n\t\t\t\t<div class=\"elementor-widget-container\">\n\t\t\t\t\t<div class=\"elementor-image-box-wrapper\"><figure class=\"elementor-image-box-img\"><a href=\"https:\/\/evok-oy.de\/wordpress\/2025\/20250624_Muster_Abwendungsvereinbarung_EVOK.pdf\" target=\"_blank\" tabindex=\"-1\"><img loading=\"lazy\" decoding=\"async\" width=\"300\" height=\"200\" src=\"https:\/\/evok-oy.de\/wordpress\/wp-content\/uploads\/2025\/08\/abwendung.jpg\" class=\"elementor-animation-pop attachment-full size-full wp-image-3097\" alt=\"\" \/><\/a><\/figure><div class=\"elementor-image-box-content\"><h3 class=\"elementor-image-box-title\"><a href=\"https:\/\/evok-oy.de\/wordpress\/2025\/20250624_Muster_Abwendungsvereinbarung_EVOK.pdf\" target=\"_blank\">Abwendungs-<br>vereinbarung<\/a><\/h3><p class=\"elementor-image-box-description\">Muster unserer Abwendungsvereinbarung<br>zur Ansicht und zum Download auf<br>Ihren Computer.<br><br>\n<\/p><\/div><\/div>\t\t\t\t<\/div>\n\t\t\t\t<\/div>\n\t\t\t\t\t<\/div>\n\t\t<\/div>\n\t\t\t\t\t<\/div>\n\t\t<\/section>\n\t\t\t\t<section class=\"elementor-section elementor-top-section elementor-element elementor-element-4571ee5 elementor-section-boxed elementor-section-height-default elementor-section-height-default\" data-id=\"4571ee5\" data-element_type=\"section\" data-e-type=\"section\">\n\t\t\t\t\t\t<div class=\"elementor-container elementor-column-gap-default\">\n\t\t\t\t\t<div class=\"elementor-column elementor-col-100 elementor-top-column elementor-element elementor-element-c0a0bed\" data-id=\"c0a0bed\" data-element_type=\"column\" data-e-type=\"column\">\n\t\t\t<div class=\"elementor-widget-wrap\">\n\t\t\t\t\t\t\t<\/div>\n\t\t<\/div>\n\t\t\t\t\t<\/div>\n\t\t<\/section>\n\t\t\t\t<section class=\"elementor-section elementor-top-section elementor-element elementor-element-1f93acc elementor-section-boxed elementor-section-height-default elementor-section-height-default\" data-id=\"1f93acc\" data-element_type=\"section\" data-e-type=\"section\">\n\t\t\t\t\t\t<div class=\"elementor-container elementor-column-gap-default\">\n\t\t\t\t\t<div class=\"elementor-column elementor-col-100 elementor-top-column elementor-element elementor-element-b633765\" data-id=\"b633765\" data-element_type=\"column\" data-e-type=\"column\">\n\t\t\t<div class=\"elementor-widget-wrap\">\n\t\t\t\t\t\t\t<\/div>\n\t\t<\/div>\n\t\t\t\t\t<\/div>\n\t\t<\/section>\n\t\t\t\t<\/div>\n\t\t","protected":false},"excerpt":{"rendered":"<p>UNSERE SERVICELEISTUNGEN SEPA-Lastschrift Hier k\u00f6nnen Sie sich Ihre SEPA-Lastschriftmandat als PDF-Datei herunterladen. Bitte f\u00fcllen Sie dieses aus und senden Sie es uns per Post zu. Infozur Rechnung Alle Infos zu Ihrer Rechnung k\u00f6nnen Sie in unserem Infoblatt zu Ihrer Rechnung nachlesen. Hier als PDF-Datei herunterladen. Rechtliche Hinweiseund Downloads\u200b Von &#8222;A&#8220; wie &#8222;AGB&#8220; bis &#8222;V&#8220; wie&#8220;Verbraucherservice&#8220; [&hellip;]<\/p>\n","protected":false},"author":1,"featured_media":0,"parent":0,"menu_order":0,"comment_status":"closed","ping_status":"closed","template":"","meta":{"footnotes":""},"class_list":["post-138","page","type-page","status-publish","hentry"],"_links":{"self":[{"href":"https:\/\/evok-oy.de\/wordpress\/index.php?rest_route=\/wp\/v2\/pages\/138","targetHints":{"allow":["GET"]}}],"collection":[{"href":"https:\/\/evok-oy.de\/wordpress\/index.php?rest_route=\/wp\/v2\/pages"}],"about":[{"href":"https:\/\/evok-oy.de\/wordpress\/index.php?rest_route=\/wp\/v2\/types\/page"}],"author":[{"embeddable":true,"href":"https:\/\/evok-oy.de\/wordpress\/index.php?rest_route=\/wp\/v2\/users\/1"}],"replies":[{"embeddable":true,"href":"https:\/\/evok-oy.de\/wordpress\/index.php?rest_route=%2Fwp%2Fv2%2Fcomments&post=138"}],"version-history":[{"count":155,"href":"https:\/\/evok-oy.de\/wordpress\/index.php?rest_route=\/wp\/v2\/pages\/138\/revisions"}],"predecessor-version":[{"id":3123,"href":"https:\/\/evok-oy.de\/wordpress\/index.php?rest_route=\/wp\/v2\/pages\/138\/revisions\/3123"}],"wp:attachment":[{"href":"https:\/\/evok-oy.de\/wordpress\/index.php?rest_route=%2Fwp%2Fv2%2Fmedia&parent=138"}],"curies":[{"name":"wp","href":"https:\/\/api.w.org\/{rel}","templated":true}]}}