{"id":2097,"date":"2022-02-11T05:45:36","date_gmt":"2022-02-11T05:45:36","guid":{"rendered":"https:\/\/evok-oy.de\/wordpress\/?page_id=2097"},"modified":"2022-02-11T06:02:48","modified_gmt":"2022-02-11T06:02:48","slug":"unsere-geschichte","status":"publish","type":"page","link":"https:\/\/evok-oy.de\/wordpress\/?page_id=2097","title":{"rendered":"Unsere Geschichte"},"content":{"rendered":"\t\t<div data-elementor-type=\"wp-post\" data-elementor-id=\"2097\" class=\"elementor elementor-2097\">\n\t\t\t\t\t\t<section class=\"elementor-section elementor-top-section elementor-element elementor-element-4c3f640 elementor-section-boxed elementor-section-height-default elementor-section-height-default\" data-id=\"4c3f640\" data-element_type=\"section\" data-e-type=\"section\">\n\t\t\t\t\t\t<div class=\"elementor-container elementor-column-gap-default\">\n\t\t\t\t\t<div class=\"elementor-column elementor-col-100 elementor-top-column elementor-element elementor-element-6c99e59\" data-id=\"6c99e59\" data-element_type=\"column\" data-e-type=\"column\">\n\t\t\t<div class=\"elementor-widget-wrap elementor-element-populated\">\n\t\t\t\t\t\t<div class=\"elementor-element elementor-element-23792fc elementor-widget elementor-widget-heading\" data-id=\"23792fc\" data-element_type=\"widget\" data-e-type=\"widget\" data-widget_type=\"heading.default\">\n\t\t\t\t<div class=\"elementor-widget-container\">\n\t\t\t\t\t<h2 class=\"elementor-heading-title elementor-size-default\">Unsere Geschichte<\/h2>\t\t\t\t<\/div>\n\t\t\t\t<\/div>\n\t\t\t\t<div class=\"elementor-element elementor-element-ae567b6 elementor-widget elementor-widget-image\" data-id=\"ae567b6\" data-element_type=\"widget\" data-e-type=\"widget\" data-widget_type=\"image.default\">\n\t\t\t\t<div class=\"elementor-widget-container\">\n\t\t\t\t\t\t\t\t\t\t\t\t\t\t\t<img fetchpriority=\"high\" decoding=\"async\" width=\"945\" height=\"326\" src=\"https:\/\/evok-oy.de\/wordpress\/wp-content\/uploads\/2022\/02\/4c-Logo-100-Jahre-mit-EVOK-e1644557960864.jpg\" class=\"attachment-full size-full wp-image-2079\" alt=\"\" srcset=\"https:\/\/evok-oy.de\/wordpress\/wp-content\/uploads\/2022\/02\/4c-Logo-100-Jahre-mit-EVOK-e1644557960864.jpg 945w, https:\/\/evok-oy.de\/wordpress\/wp-content\/uploads\/2022\/02\/4c-Logo-100-Jahre-mit-EVOK-e1644557960864-300x103.jpg 300w, https:\/\/evok-oy.de\/wordpress\/wp-content\/uploads\/2022\/02\/4c-Logo-100-Jahre-mit-EVOK-e1644557960864-768x265.jpg 768w\" sizes=\"(max-width: 945px) 100vw, 945px\" \/>\t\t\t\t\t\t\t\t\t\t\t\t\t\t\t<\/div>\n\t\t\t\t<\/div>\n\t\t\t\t\t<\/div>\n\t\t<\/div>\n\t\t\t\t\t<\/div>\n\t\t<\/section>\n\t\t\t\t<section class=\"elementor-section elementor-top-section elementor-element elementor-element-d809ecc elementor-section-boxed elementor-section-height-default elementor-section-height-default\" data-id=\"d809ecc\" data-element_type=\"section\" data-e-type=\"section\">\n\t\t\t\t\t\t<div class=\"elementor-container elementor-column-gap-default\">\n\t\t\t\t\t<div class=\"elementor-column elementor-col-100 elementor-top-column elementor-element elementor-element-5678e98\" data-id=\"5678e98\" data-element_type=\"column\" data-e-type=\"column\">\n\t\t\t<div class=\"elementor-widget-wrap elementor-element-populated\">\n\t\t\t\t\t\t<section class=\"elementor-section elementor-inner-section elementor-element elementor-element-17847a9 elementor-section-boxed elementor-section-height-default elementor-section-height-default\" data-id=\"17847a9\" data-element_type=\"section\" data-e-type=\"section\">\n\t\t\t\t\t\t<div class=\"elementor-container elementor-column-gap-default\">\n\t\t\t\t\t<div class=\"elementor-column elementor-col-100 elementor-inner-column elementor-element elementor-element-b18595f\" data-id=\"b18595f\" data-element_type=\"column\" data-e-type=\"column\">\n\t\t\t<div class=\"elementor-widget-wrap elementor-element-populated\">\n\t\t\t\t\t\t<div class=\"elementor-element elementor-element-f4301a8 elementor-widget elementor-widget-text-editor\" data-id=\"f4301a8\" data-element_type=\"widget\" data-e-type=\"widget\" data-widget_type=\"text-editor.default\">\n\t\t\t\t<div class=\"elementor-widget-container\">\n\t\t\t\t\t\t\t\t\t<p><span style=\"font-size: 18pt; font-family: calibri;\"><b>Seit 100 Jahren ihr regionaler Energieversorger mit Kompetenz, <br \/>Zuverl\u00e4ssigkeit und Regionalit\u00e4t.<\/b><\/span><\/p><p>\u00a0<\/p><p><span style=\"font-family: calibri;\"><b>Wir m\u00f6chten hier mit den wichtigsten Eckdaten auf unsere Geschichte zur\u00fcckblicken:<br \/><\/b><\/span><\/p><p><span style=\"font-family: calibri;\"><b>27. Mai <\/b><b>1922<br \/><\/b>Gr\u00fcndung der Stromabnehmer-Vereinigung Oy-Kressen mit 62 Gr\u00fcndungsmitgliedern<\/span><\/p><p><span style=\"font-family: calibri;\"><b>27. Mai 1922<\/b><\/span><br \/><span style=\"font-family: calibri;\">Kauf Ortsnetz Oy-Kressen von E-Werk Wertach und Erneuerung des Ortsnetzes<\/span><\/p><p><span style=\"font-family: calibri;\"><b>1924<\/b><b><br \/><\/b>Die Weltwirtschaftskrise mit Hyperinflation wird ohne Verlust \u00fcberstanden<\/span><br \/><span style=\"font-family: calibri;\"><i>Die Bilanz wurde am 1. Januar 1924 auf 1 Billion = 1 Mark umgestellt<\/i><\/span><\/p><p><span style=\"font-family: calibri;\"><b>20. Februar 1936<\/b><\/span><br \/><span style=\"font-family: calibri;\">Die Kosten f\u00fcr die Ortsbeleuchtung werden von der Genossenschaft \u00fcbernommen<\/span><\/p><p><span style=\"font-family: calibri;\"><b>1948<br \/><\/b>Die beiden Bauernh\u00f6fe in der Wasenm\u00fchle werden an das Stromnetz angeschlossen<\/span><\/p><p><span style=\"font-family: calibri;\"><b>1954<\/b><\/span><br \/><span style=\"font-family: calibri;\">Errichtung Trafostation in Kressen. Die Stromleitung zum Bahnhof wird von 220V auf 380V umgebaut. Weitere Leitungen werden in den n\u00e4chsten Jahren umger\u00fcstet<\/span><\/p><p><span style=\"font-family: calibri;\"><b>1959<\/b><\/span><br \/><span style=\"font-family: calibri;\">Die letzten Leitungen im Ortsnetz wurden auf 380 V umgestellt. Der gesamte Umbau dauerte 7 Jahre<\/span><\/p><p><span style=\"font-family: calibri;\"><b>1968<\/b><\/span><br \/><span style=\"font-family: calibri;\">Trafostation an der Schule errichtet<\/span><\/p><p><span style=\"font-family: calibri;\"><b>1970<\/b><\/span><br \/><span style=\"font-family: calibri;\">Das E-Werk Wertach hat seine Anlage an das A\u00dcW Kempten verkauft. Das A\u00dcW ist somit nun der Stromlieferant f\u00fcr unsere Genossenschaft<\/span><\/p><p><span style=\"font-family: calibri;\"><b>14.07.1980<\/b> <\/span><br \/><span style=\"font-family: calibri;\">Der Name der Genossenschaft wird in EVOK Energieversorgung Oy-Kressen e. G umge\u00e4ndert<\/span><\/p><p><span style=\"font-family: calibri;\"><b>1993<\/b><\/span><br \/><span style=\"font-family: calibri;\">In Kressen wird Doppelgarage als Lager neben Trafostation gebaut<\/span><\/p><p><span style=\"font-family: calibri;\"><b>2001<\/b><\/span><br \/><span style=\"font-family: calibri;\">EVOK ist Gr\u00fcndungsmitglied der Kooperation \u201eAllg\u00e4uStrom \u2013 Die heimatstarke Energie\u201c. Gemeinsam mit acht weiteren Allg\u00e4uer Partnern sollen zum Vorteil der Kunden und der Region Synergien geschaffen und genutzt werden<\/span><\/p><p><span style=\"font-family: calibri;\"><b>2003<\/b><\/span><br \/><span style=\"font-family: calibri;\">Das erste gemeinsame \u201eAllg\u00e4uStrom Produkt\u201c wird den Kunden angeboten<\/span><\/p><p><span style=\"font-family: calibri;\"><b>2005<\/b><\/span><br \/><span style=\"font-family: calibri;\">EVOK wird Gesellschafter der Allg\u00e4uNetz GmbH &amp; Co. KG<\/span><\/p><p><span style=\"font-family: calibri;\"><b>2009 + 2010<\/b><\/span><br \/><span style=\"font-family: calibri;\">Bau der Trafostationen Primavera und Schw\u00e4ndle<\/span><\/p><p><span style=\"font-family: calibri;\"><b>2014<\/b><\/span><br \/><span style=\"font-family: calibri;\">Die Trafostation Bahnhof wird am Bahn\u00fcbergang neu errichtet<\/span><\/p><p><span style=\"font-family: calibri;\"><b>2017<\/b><\/span><br \/><span style=\"font-family: calibri;\">EVOK beteiligt sich als Gesellschafter an der Allg\u00e4uMeter GmbH &amp; Co. KG<\/span><\/p><p><span style=\"font-family: calibri;\"><b>2022<\/b><\/span><br \/><span style=\"font-family: calibri;\">EVOK feiert ihr 100-j\u00e4hriges Bestehen<\/span><\/p>\t\t\t\t\t\t\t\t<\/div>\n\t\t\t\t<\/div>\n\t\t\t\t\t<\/div>\n\t\t<\/div>\n\t\t\t\t\t<\/div>\n\t\t<\/section>\n\t\t\t\t\t<\/div>\n\t\t<\/div>\n\t\t\t\t\t<\/div>\n\t\t<\/section>\n\t\t\t\t<\/div>\n\t\t","protected":false},"excerpt":{"rendered":"<p>Unsere Geschichte Seit 100 Jahren ihr regionaler Energieversorger mit Kompetenz, Zuverl\u00e4ssigkeit und Regionalit\u00e4t. \u00a0 Wir m\u00f6chten hier mit den wichtigsten Eckdaten auf unsere Geschichte zur\u00fcckblicken: 27. Mai 1922Gr\u00fcndung der Stromabnehmer-Vereinigung Oy-Kressen mit 62 Gr\u00fcndungsmitgliedern 27. Mai 1922Kauf Ortsnetz Oy-Kressen von E-Werk Wertach und Erneuerung des Ortsnetzes 1924Die Weltwirtschaftskrise mit Hyperinflation wird ohne Verlust \u00fcberstandenDie Bilanz [&hellip;]<\/p>\n","protected":false},"author":1,"featured_media":0,"parent":0,"menu_order":0,"comment_status":"closed","ping_status":"closed","template":"","meta":{"footnotes":""},"class_list":["post-2097","page","type-page","status-publish","hentry"],"_links":{"self":[{"href":"https:\/\/evok-oy.de\/wordpress\/index.php?rest_route=\/wp\/v2\/pages\/2097","targetHints":{"allow":["GET"]}}],"collection":[{"href":"https:\/\/evok-oy.de\/wordpress\/index.php?rest_route=\/wp\/v2\/pages"}],"about":[{"href":"https:\/\/evok-oy.de\/wordpress\/index.php?rest_route=\/wp\/v2\/types\/page"}],"author":[{"embeddable":true,"href":"https:\/\/evok-oy.de\/wordpress\/index.php?rest_route=\/wp\/v2\/users\/1"}],"replies":[{"embeddable":true,"href":"https:\/\/evok-oy.de\/wordpress\/index.php?rest_route=%2Fwp%2Fv2%2Fcomments&post=2097"}],"version-history":[{"count":10,"href":"https:\/\/evok-oy.de\/wordpress\/index.php?rest_route=\/wp\/v2\/pages\/2097\/revisions"}],"predecessor-version":[{"id":2126,"href":"https:\/\/evok-oy.de\/wordpress\/index.php?rest_route=\/wp\/v2\/pages\/2097\/revisions\/2126"}],"wp:attachment":[{"href":"https:\/\/evok-oy.de\/wordpress\/index.php?rest_route=%2Fwp%2Fv2%2Fmedia&parent=2097"}],"curies":[{"name":"wp","href":"https:\/\/api.w.org\/{rel}","templated":true}]}}