{"id":698,"date":"2018-11-15T09:31:22","date_gmt":"2018-11-15T09:31:22","guid":{"rendered":"http:\/\/evok-oy.de\/wordpress\/?page_id=698"},"modified":"2021-12-22T11:11:52","modified_gmt":"2021-12-22T11:11:52","slug":"energieberatung","status":"publish","type":"page","link":"https:\/\/evok-oy.de\/wordpress\/?page_id=698","title":{"rendered":"Energieberatung"},"content":{"rendered":"\t\t<div data-elementor-type=\"wp-post\" data-elementor-id=\"698\" class=\"elementor elementor-698\">\n\t\t\t\t\t\t<section class=\"elementor-section elementor-top-section elementor-element elementor-element-eeee866 elementor-section-boxed elementor-section-height-default elementor-section-height-default\" data-id=\"eeee866\" data-element_type=\"section\" data-e-type=\"section\">\n\t\t\t\t\t\t<div class=\"elementor-container elementor-column-gap-default\">\n\t\t\t\t\t<div class=\"elementor-column elementor-col-100 elementor-top-column elementor-element elementor-element-950f3fd\" data-id=\"950f3fd\" data-element_type=\"column\" data-e-type=\"column\">\n\t\t\t<div class=\"elementor-widget-wrap elementor-element-populated\">\n\t\t\t\t\t\t<div class=\"elementor-element elementor-element-d3345d5 elementor-widget elementor-widget-heading\" data-id=\"d3345d5\" data-element_type=\"widget\" data-e-type=\"widget\" data-widget_type=\"heading.default\">\n\t\t\t\t<div class=\"elementor-widget-container\">\n\t\t\t\t\t<h2 class=\"elementor-heading-title elementor-size-default\">VERLEIH STROMMESSGER\u00c4TE<\/h2>\t\t\t\t<\/div>\n\t\t\t\t<\/div>\n\t\t\t\t<div class=\"elementor-element elementor-element-a17991d elementor-widget elementor-widget-image\" data-id=\"a17991d\" data-element_type=\"widget\" data-e-type=\"widget\" data-widget_type=\"image.default\">\n\t\t\t\t<div class=\"elementor-widget-container\">\n\t\t\t\t\t\t\t\t\t\t\t\t\t\t\t<img fetchpriority=\"high\" decoding=\"async\" width=\"1024\" height=\"294\" src=\"https:\/\/evok-oy.de\/wordpress\/wp-content\/uploads\/2021\/12\/verleih-1024x294.jpg\" class=\"attachment-large size-large wp-image-2010\" alt=\"\" srcset=\"https:\/\/evok-oy.de\/wordpress\/wp-content\/uploads\/2021\/12\/verleih-1024x294.jpg 1024w, https:\/\/evok-oy.de\/wordpress\/wp-content\/uploads\/2021\/12\/verleih-300x86.jpg 300w, https:\/\/evok-oy.de\/wordpress\/wp-content\/uploads\/2021\/12\/verleih-768x220.jpg 768w, https:\/\/evok-oy.de\/wordpress\/wp-content\/uploads\/2021\/12\/verleih-1536x441.jpg 1536w, https:\/\/evok-oy.de\/wordpress\/wp-content\/uploads\/2021\/12\/verleih.jpg 1920w\" sizes=\"(max-width: 1024px) 100vw, 1024px\" \/>\t\t\t\t\t\t\t\t\t\t\t\t\t\t\t<\/div>\n\t\t\t\t<\/div>\n\t\t\t\t\t<\/div>\n\t\t<\/div>\n\t\t\t\t\t<\/div>\n\t\t<\/section>\n\t\t\t\t<section class=\"elementor-section elementor-top-section elementor-element elementor-element-29bb9ed elementor-section-boxed elementor-section-height-default elementor-section-height-default\" data-id=\"29bb9ed\" data-element_type=\"section\" data-e-type=\"section\">\n\t\t\t\t\t\t<div class=\"elementor-container elementor-column-gap-default\">\n\t\t\t\t\t<div class=\"elementor-column elementor-col-100 elementor-top-column elementor-element elementor-element-7372653\" data-id=\"7372653\" data-element_type=\"column\" data-e-type=\"column\">\n\t\t\t<div class=\"elementor-widget-wrap elementor-element-populated\">\n\t\t\t\t\t\t<section class=\"elementor-section elementor-inner-section elementor-element elementor-element-5a7bc1c elementor-section-boxed elementor-section-height-default elementor-section-height-default\" data-id=\"5a7bc1c\" data-element_type=\"section\" data-e-type=\"section\">\n\t\t\t\t\t\t<div class=\"elementor-container elementor-column-gap-default\">\n\t\t\t\t\t<div class=\"elementor-column elementor-col-50 elementor-inner-column elementor-element elementor-element-6ee16b7\" data-id=\"6ee16b7\" data-element_type=\"column\" data-e-type=\"column\">\n\t\t\t<div class=\"elementor-widget-wrap elementor-element-populated\">\n\t\t\t\t\t\t<div class=\"elementor-element elementor-element-1441542 elementor-widget elementor-widget-image\" data-id=\"1441542\" data-element_type=\"widget\" data-e-type=\"widget\" data-widget_type=\"image.default\">\n\t\t\t\t<div class=\"elementor-widget-container\">\n\t\t\t\t\t\t\t\t\t\t\t\t\t\t\t\t<a href=\"http:\/\/evok-oy.de\/wordpress\/wp-content\/uploads\/2021\/12\/Strommessgeraet.jpg\" data-elementor-open-lightbox=\"yes\" data-elementor-lightbox-title=\"Strommessger\u00e4t\" data-e-action-hash=\"#elementor-action%3Aaction%3Dlightbox%26settings%3DeyJpZCI6MTkzNywidXJsIjoiaHR0cHM6XC9cL2V2b2stb3kuZGVcL3dvcmRwcmVzc1wvd3AtY29udGVudFwvdXBsb2Fkc1wvMjAyMVwvMTJcL1N0cm9tbWVzc2dlcmFldC5qcGcifQ%3D%3D\">\n\t\t\t\t\t\t\t<img decoding=\"async\" width=\"225\" height=\"300\" src=\"https:\/\/evok-oy.de\/wordpress\/wp-content\/uploads\/2021\/12\/Strommessgeraet-225x300.jpg\" class=\"attachment-medium size-medium wp-image-1937\" alt=\"\" srcset=\"https:\/\/evok-oy.de\/wordpress\/wp-content\/uploads\/2021\/12\/Strommessgeraet-225x300.jpg 225w, https:\/\/evok-oy.de\/wordpress\/wp-content\/uploads\/2021\/12\/Strommessgeraet-768x1024.jpg 768w, https:\/\/evok-oy.de\/wordpress\/wp-content\/uploads\/2021\/12\/Strommessgeraet-1152x1536.jpg 1152w, https:\/\/evok-oy.de\/wordpress\/wp-content\/uploads\/2021\/12\/Strommessgeraet.jpg 1200w\" sizes=\"(max-width: 225px) 100vw, 225px\" \/>\t\t\t\t\t\t\t\t<\/a>\n\t\t\t\t\t\t\t\t\t\t\t\t\t\t\t<\/div>\n\t\t\t\t<\/div>\n\t\t\t\t\t<\/div>\n\t\t<\/div>\n\t\t\t\t<div class=\"elementor-column elementor-col-50 elementor-inner-column elementor-element elementor-element-bc31fa4\" data-id=\"bc31fa4\" data-element_type=\"column\" data-e-type=\"column\">\n\t\t\t<div class=\"elementor-widget-wrap elementor-element-populated\">\n\t\t\t\t\t\t<div class=\"elementor-element elementor-element-63db234 elementor-widget elementor-widget-text-editor\" data-id=\"63db234\" data-element_type=\"widget\" data-e-type=\"widget\" data-widget_type=\"text-editor.default\">\n\t\t\t\t<div class=\"elementor-widget-container\">\n\t\t\t\t\t\t\t\t\t<p>Nutzen Sie unseren kostenlosen Service, der Strom spart und Geld bringt. Verbrauch messen, Leistung testen. Wir wollen helfen, Ihre Stromkosten zu senken, denn unn\u00f6tiger Stromverbrauch ist viel zu teuer. Deshalb verleihen wir kostenlos Strommessger\u00e4te an unsere Kunden. Damit k\u00f6nnen Sie \u00fcberpr\u00fcfen, wo in Ihrem Haushalt &#8222;Stromfresser&#8220; arbeiten.<\/p><p>Gerne beraten wir Sie auch bei einem pers\u00f6nlichen Gespr\u00e4ch.<\/p>\t\t\t\t\t\t\t\t<\/div>\n\t\t\t\t<\/div>\n\t\t\t\t\t<\/div>\n\t\t<\/div>\n\t\t\t\t\t<\/div>\n\t\t<\/section>\n\t\t\t\t\t<\/div>\n\t\t<\/div>\n\t\t\t\t\t<\/div>\n\t\t<\/section>\n\t\t\t\t<\/div>\n\t\t","protected":false},"excerpt":{"rendered":"<p>VERLEIH STROMMESSGER\u00c4TE Nutzen Sie unseren kostenlosen Service, der Strom spart und Geld bringt. Verbrauch messen, Leistung testen. Wir wollen helfen, Ihre Stromkosten zu senken, denn unn\u00f6tiger Stromverbrauch ist viel zu teuer. Deshalb verleihen wir kostenlos Strommessger\u00e4te an unsere Kunden. Damit k\u00f6nnen Sie \u00fcberpr\u00fcfen, wo in Ihrem Haushalt &#8222;Stromfresser&#8220; arbeiten. Gerne beraten wir Sie auch bei [&hellip;]<\/p>\n","protected":false},"author":1,"featured_media":0,"parent":0,"menu_order":0,"comment_status":"closed","ping_status":"closed","template":"","meta":{"footnotes":""},"class_list":["post-698","page","type-page","status-publish","hentry"],"_links":{"self":[{"href":"https:\/\/evok-oy.de\/wordpress\/index.php?rest_route=\/wp\/v2\/pages\/698","targetHints":{"allow":["GET"]}}],"collection":[{"href":"https:\/\/evok-oy.de\/wordpress\/index.php?rest_route=\/wp\/v2\/pages"}],"about":[{"href":"https:\/\/evok-oy.de\/wordpress\/index.php?rest_route=\/wp\/v2\/types\/page"}],"author":[{"embeddable":true,"href":"https:\/\/evok-oy.de\/wordpress\/index.php?rest_route=\/wp\/v2\/users\/1"}],"replies":[{"embeddable":true,"href":"https:\/\/evok-oy.de\/wordpress\/index.php?rest_route=%2Fwp%2Fv2%2Fcomments&post=698"}],"version-history":[{"count":24,"href":"https:\/\/evok-oy.de\/wordpress\/index.php?rest_route=\/wp\/v2\/pages\/698\/revisions"}],"predecessor-version":[{"id":2013,"href":"https:\/\/evok-oy.de\/wordpress\/index.php?rest_route=\/wp\/v2\/pages\/698\/revisions\/2013"}],"wp:attachment":[{"href":"https:\/\/evok-oy.de\/wordpress\/index.php?rest_route=%2Fwp%2Fv2%2Fmedia&parent=698"}],"curies":[{"name":"wp","href":"https:\/\/api.w.org\/{rel}","templated":true}]}}