{"id":8,"date":"2018-10-18T05:13:52","date_gmt":"2018-10-18T05:13:52","guid":{"rendered":"http:\/\/evok-oy.de\/wordpress\/?page_id=8"},"modified":"2022-02-14T15:11:13","modified_gmt":"2022-02-14T15:11:13","slug":"unternehmen","status":"publish","type":"page","link":"https:\/\/evok-oy.de\/wordpress\/?page_id=8","title":{"rendered":"Unternehmen"},"content":{"rendered":"\t\t<div data-elementor-type=\"wp-post\" data-elementor-id=\"8\" class=\"elementor elementor-8\">\n\t\t\t\t\t\t<section class=\"elementor-section elementor-top-section elementor-element elementor-element-4c3f640 elementor-section-boxed elementor-section-height-default elementor-section-height-default\" data-id=\"4c3f640\" data-element_type=\"section\" data-e-type=\"section\">\n\t\t\t\t\t\t<div class=\"elementor-container elementor-column-gap-default\">\n\t\t\t\t\t<div class=\"elementor-column elementor-col-100 elementor-top-column elementor-element elementor-element-6c99e59\" data-id=\"6c99e59\" data-element_type=\"column\" data-e-type=\"column\">\n\t\t\t<div class=\"elementor-widget-wrap elementor-element-populated\">\n\t\t\t\t\t\t<div class=\"elementor-element elementor-element-23792fc elementor-widget elementor-widget-heading\" data-id=\"23792fc\" data-element_type=\"widget\" data-e-type=\"widget\" data-widget_type=\"heading.default\">\n\t\t\t\t<div class=\"elementor-widget-container\">\n\t\t\t\t\t<h2 class=\"elementor-heading-title elementor-size-default\">UNSER UNTERNEHMEN<\/h2>\t\t\t\t<\/div>\n\t\t\t\t<\/div>\n\t\t\t\t<div class=\"elementor-element elementor-element-177b29b elementor-widget elementor-widget-image\" data-id=\"177b29b\" data-element_type=\"widget\" data-e-type=\"widget\" data-widget_type=\"image.default\">\n\t\t\t\t<div class=\"elementor-widget-container\">\n\t\t\t\t\t\t\t\t\t\t\t\t\t\t\t<img fetchpriority=\"high\" decoding=\"async\" width=\"945\" height=\"326\" src=\"https:\/\/evok-oy.de\/wordpress\/wp-content\/uploads\/2022\/02\/4c-Logo-100-Jahre-mit-EVOK-e1644557960864.jpg\" class=\"attachment-large size-large wp-image-2079\" alt=\"\" srcset=\"https:\/\/evok-oy.de\/wordpress\/wp-content\/uploads\/2022\/02\/4c-Logo-100-Jahre-mit-EVOK-e1644557960864.jpg 945w, https:\/\/evok-oy.de\/wordpress\/wp-content\/uploads\/2022\/02\/4c-Logo-100-Jahre-mit-EVOK-e1644557960864-300x103.jpg 300w, https:\/\/evok-oy.de\/wordpress\/wp-content\/uploads\/2022\/02\/4c-Logo-100-Jahre-mit-EVOK-e1644557960864-768x265.jpg 768w\" sizes=\"(max-width: 945px) 100vw, 945px\" \/>\t\t\t\t\t\t\t\t\t\t\t\t\t\t\t<\/div>\n\t\t\t\t<\/div>\n\t\t\t\t\t<\/div>\n\t\t<\/div>\n\t\t\t\t\t<\/div>\n\t\t<\/section>\n\t\t\t\t<section class=\"elementor-section elementor-top-section elementor-element elementor-element-d809ecc elementor-section-boxed elementor-section-height-default elementor-section-height-default\" data-id=\"d809ecc\" data-element_type=\"section\" data-e-type=\"section\">\n\t\t\t\t\t\t<div class=\"elementor-container elementor-column-gap-default\">\n\t\t\t\t\t<div class=\"elementor-column elementor-col-100 elementor-top-column elementor-element elementor-element-5678e98\" data-id=\"5678e98\" data-element_type=\"column\" data-e-type=\"column\">\n\t\t\t<div class=\"elementor-widget-wrap elementor-element-populated\">\n\t\t\t\t\t\t<div class=\"elementor-element elementor-element-a46c899 elementor-widget elementor-widget-heading\" data-id=\"a46c899\" data-element_type=\"widget\" data-e-type=\"widget\" data-widget_type=\"heading.default\">\n\t\t\t\t<div class=\"elementor-widget-container\">\n\t\t\t\t\t<h2 class=\"elementor-heading-title elementor-size-default\">Seit 100 Jahren mit Energie f\u00fcr unser Dorf<\/h2>\t\t\t\t<\/div>\n\t\t\t\t<\/div>\n\t\t\t\t<section class=\"elementor-section elementor-inner-section elementor-element elementor-element-17847a9 elementor-section-boxed elementor-section-height-default elementor-section-height-default\" data-id=\"17847a9\" data-element_type=\"section\" data-e-type=\"section\">\n\t\t\t\t\t\t<div class=\"elementor-container elementor-column-gap-default\">\n\t\t\t\t\t<div class=\"elementor-column elementor-col-50 elementor-inner-column elementor-element elementor-element-b18595f\" data-id=\"b18595f\" data-element_type=\"column\" data-e-type=\"column\">\n\t\t\t<div class=\"elementor-widget-wrap elementor-element-populated\">\n\t\t\t\t\t\t<div class=\"elementor-element elementor-element-f4301a8 elementor-widget elementor-widget-text-editor\" data-id=\"f4301a8\" data-element_type=\"widget\" data-e-type=\"widget\" data-widget_type=\"text-editor.default\">\n\t\t\t\t<div class=\"elementor-widget-container\">\n\t\t\t\t\t\t\t\t\t<p>Vor 100 Jahren, genau am 27. Mai 1922, versammelten sich Handwerker, Landwirte und B\u00fcrger aus Oy und Kressen und gr\u00fcndeten eine Genossenschaft. Ziel war es, die Mitglieder mit Strom zu versorgen. Entstanden ist daraus die \u201eStromabnehmer-Vereinigung Oy-Kressen\u201c, die heute immer noch durch ihr Netz Teile von Oy und Kressen mit Strom versorgt.<\/p><p>Die Entscheidung zur Gr\u00fcndung einer eigenen Stromgenossenschaft brachte der Bev\u00f6lkerung von Oy und Kressen im Ergebnis gro\u00dfe Erleichterungen. Das bei Dunkelheit zur Verf\u00fcgung stehende Licht war damals ein gro\u00dfer Fortschritt. Der vorhandene Strom erzielte eine starke Modernisierung f\u00fcr Handwerk und Landwirtschaft im Ort.<\/p>\t\t\t\t\t\t\t\t<\/div>\n\t\t\t\t<\/div>\n\t\t\t\t\t<\/div>\n\t\t<\/div>\n\t\t\t\t<div class=\"elementor-column elementor-col-50 elementor-inner-column elementor-element elementor-element-99983af\" data-id=\"99983af\" data-element_type=\"column\" data-e-type=\"column\">\n\t\t\t<div class=\"elementor-widget-wrap elementor-element-populated\">\n\t\t\t\t\t\t<div class=\"elementor-element elementor-element-efef4b4 elementor-widget elementor-widget-text-editor\" data-id=\"efef4b4\" data-element_type=\"widget\" data-e-type=\"widget\" data-widget_type=\"text-editor.default\">\n\t\t\t\t<div class=\"elementor-widget-container\">\n\t\t\t\t\t\t\t\t\t<p>Der Vorlieferant stellte damals die Trafostation. Ab hier waren die Genossen zust\u00e4ndig und bauten das Ortsnetz in Eigeninitiative aus. Aufgrund der Technisierung vollbrachte die Genossenschaft gerade vor und nach dem Krieg gewaltige finanzielle Kraftakte, um das Niederspannungsnetz den modernen Anforderungen anzupassen.<\/p><p>Seit 100 Jahren bietet die mittlerweile umfirmierte EVOK Energieversorgung Oy-Kressen e.G. ihren Kunden Service, Beratung und Information mit regionaler N\u00e4he und pers\u00f6nlichen Ansprechpartnern.<\/p><p>Wir m\u00f6chten hier mit den wichtigsten Eckdaten auf unsere Geschichte zur\u00fcckblicken.<span class=\"Apple-converted-space\">\u00a0<\/span><\/p><p><a href=\"https:\/\/evok-oy.de\/wordpress\/?page_id=2097\">&gt;&gt; zur Geschichte der EVOK<\/a><\/p>\t\t\t\t\t\t\t\t<\/div>\n\t\t\t\t<\/div>\n\t\t\t\t\t<\/div>\n\t\t<\/div>\n\t\t\t\t\t<\/div>\n\t\t<\/section>\n\t\t\t\t\t<\/div>\n\t\t<\/div>\n\t\t\t\t\t<\/div>\n\t\t<\/section>\n\t\t\t\t<\/div>\n\t\t","protected":false},"excerpt":{"rendered":"<p>UNSER UNTERNEHMEN Seit 100 Jahren mit Energie f\u00fcr unser Dorf Vor 100 Jahren, genau am 27. Mai 1922, versammelten sich Handwerker, Landwirte und B\u00fcrger aus Oy und Kressen und gr\u00fcndeten eine Genossenschaft. Ziel war es, die Mitglieder mit Strom zu versorgen. Entstanden ist daraus die \u201eStromabnehmer-Vereinigung Oy-Kressen\u201c, die heute immer noch durch ihr Netz Teile [&hellip;]<\/p>\n","protected":false},"author":1,"featured_media":0,"parent":0,"menu_order":0,"comment_status":"closed","ping_status":"closed","template":"","meta":{"footnotes":""},"class_list":["post-8","page","type-page","status-publish","hentry"],"_links":{"self":[{"href":"https:\/\/evok-oy.de\/wordpress\/index.php?rest_route=\/wp\/v2\/pages\/8","targetHints":{"allow":["GET"]}}],"collection":[{"href":"https:\/\/evok-oy.de\/wordpress\/index.php?rest_route=\/wp\/v2\/pages"}],"about":[{"href":"https:\/\/evok-oy.de\/wordpress\/index.php?rest_route=\/wp\/v2\/types\/page"}],"author":[{"embeddable":true,"href":"https:\/\/evok-oy.de\/wordpress\/index.php?rest_route=\/wp\/v2\/users\/1"}],"replies":[{"embeddable":true,"href":"https:\/\/evok-oy.de\/wordpress\/index.php?rest_route=%2Fwp%2Fv2%2Fcomments&post=8"}],"version-history":[{"count":27,"href":"https:\/\/evok-oy.de\/wordpress\/index.php?rest_route=\/wp\/v2\/pages\/8\/revisions"}],"predecessor-version":[{"id":2138,"href":"https:\/\/evok-oy.de\/wordpress\/index.php?rest_route=\/wp\/v2\/pages\/8\/revisions\/2138"}],"wp:attachment":[{"href":"https:\/\/evok-oy.de\/wordpress\/index.php?rest_route=%2Fwp%2Fv2%2Fmedia&parent=8"}],"curies":[{"name":"wp","href":"https:\/\/api.w.org\/{rel}","templated":true}]}}